{"id":45,"date":"2026-02-12T18:09:11","date_gmt":"2026-02-12T23:09:11","guid":{"rendered":"https:\/\/arasaka.sergioduran.dev\/adin-play\/mesmerize\/"},"modified":"2026-02-13T17:17:17","modified_gmt":"2026-02-13T22:17:17","slug":"mesmerize","status":"publish","type":"page","link":"https:\/\/arasaka.sergioduran.dev\/adin-play\/","title":{"rendered":"Home Debates"},"content":{"rendered":"<div  id=\"features-2\" style=\"background-color: #ffffff;\" data-label=\"Features\" data-id=\"features-ov-4-mc\" data-export-id=\"features-ov-4-mc\" data-category=\"features\" class=\"features-ov-4-mc content-section content-section-spacing\">\n<div  class=\"gridContainer\">\n<div  data-type=\"row\" class=\"row spaced-cols text-center\">\n<div  class=\"col-xs-12 col-sm-4 col-padding\"> <i  class=\"fa icon shadow-large-black aligncenter color1 fa-thermometer-1 reverse round large\"><\/i> <\/p>\n<div  data-type=\"column\" class=\"\">\n<h5  class=\"font-400\">tralalero<\/h5>\n<p  class=\"\">Un tibur\u00f3n con tenis Nike que desaf\u00eda la biolog\u00eda porque puede respirar fuera del agua. Es el \u00abfacherito\u00bb del grupo.<\/p>\n<\/div><\/div>\n<div  class=\"col-xs-12 col-sm-4 col-padding\"> <i  class=\"fa icon shadow-large-black aligncenter color2 fa-thermometer-2 reverse round large\"><\/i> <\/p>\n<div  data-type=\"column\" class=\"\">\n<h5  class=\"font-400\">tungtung sahur<\/h5>\n<p  class=\"\">Un palo de madera en una estaci\u00f3n de tren que sostiene un bate de b\u00e9isbol y nadie sabe a qui\u00e9n est\u00e1 esperando.<\/p>\n<\/div><\/div>\n<div  class=\"col-xs-12 col-sm-4 col-padding\"> <i  class=\"fa icon shadow-large-black aligncenter color4 fa-thermometer-3 reverse round large\"><\/i> <\/p>\n<div  data-type=\"column\" class=\"\">\n<h5  class=\"font-400\">brrbrr patapin<\/h5>\n<p  class=\"\">Un esp\u00edritu del bosque con pies gigantes que seguramente hace que todo retumbe cuando camina.<\/p>\n<\/div><\/div>\n<\/div><\/div>\n<\/div>\n<div  id=\"about-1\" style=\"background-color: #f5fafd;\" data-label=\"About\" data-id=\"about-images-right-section-mc\" data-export-id=\"about-images-right-section-mc\" data-bullets-visibility=\"true\" data-category=\"about\" class=\"about-images-right-section-mc content-section content-section-spacing\">\n<div  class=\"gridContainer\">\n<div  class=\"row middle-sm text-center\">\n<div  class=\"col-sm-5 content-left-sm\" data-type=\"column\">\n<h5  class=\"\">WHAT WE DO<\/h5>\n<h2  class=\"\">We provide <br > <span  style=\"font-family: Playfair Display,sans-serif; font-weight: 700; font-style: italic;\" href=\"#\">creative solutions<\/span> for all your needs!<\/h2>\n<p  class=\"\">Lorem ipsum dolor sit amet, consectetur adipisicing elit, sed do eiusmod tempor incididunt ut labore et dolore magna aliqua. Ut enim ad minim veniam, quis nostrud exercitation ullamco laboris nisi ut aliquip ex ea commodo consequat.<\/p>\n<p> <a  class=\"button color1\" href=\"#\">GET STARTED TODAY<\/a><\/div>\n<div  class=\"col-sm-7 space-bottom-xs\">\n<div  class=\"image-group-side-3-img\"> <img  decoding=\"async\" class=\"topimg shadow-large\" src=\"https:\/\/arasaka.sergioduran.dev\/adin-play\/wp-content\/themes\/highlight\/customizer\/sections\/images\/cropped-paper-571937_1920.jpg\"> <img  decoding=\"async\" class=\"rightimg shadow-large\" src=\"https:\/\/arasaka.sergioduran.dev\/adin-play\/wp-content\/themes\/highlight\/customizer\/sections\/images\/cropped-cropped-background-2726039-6x4.jpg\"> <\/p>\n<div  class=\"leftimg\"> <img  decoding=\"async\" class=\"shadow-large\" src=\"https:\/\/arasaka.sergioduran.dev\/adin-play\/wp-content\/themes\/highlight\/customizer\/sections\/images\/cropped-girl-2940655_1920.jpg\"><\/div>\n<\/p><\/div>\n<\/div><\/div>\n<\/div><\/div>\n<div  id=\"features-1\" style=\"background-color: #ffffff;\" data-label=\"Features\" data-id=\"features-16-card-bordered-mc\" data-export-id=\"features-16-card-bordered-mc\" data-bullets-visibility=\"true\" data-category=\"features\" class=\"features-16-card-bordered-mc content-section content-section-spacing\">\n<div  class=\"gridContainer\">\n<div  class=\"row text-center\">\n<div  class=\"section-title-col\" data-type=\"column\">\n<h5  class=\"\">WHAT WE OFFER<\/h5>\n<h2  class=\"\">We provide creative solutions!<\/h2>\n<p  class=\"lead\">Lorem ipsum dolor sit amet, consectetur adipiscing elit, sed do eiusmod tempor incididunt ut labore et dolore magna aliqua. Ut enim ad minim veniam, quis nostrud exercitation.<\/p>\n<\/div><\/div>\n<div  class=\"row spaced-cols\" data-type=\"row\">\n<div  class=\"col-xs-12 col-sm-6 col-md-4\">\n<div  class=\"card no-padding bordered y-move\"> <img  decoding=\"async\" class=\"face\" src=\"https:\/\/arasaka.sergioduran.dev\/adin-play\/wp-content\/themes\/highlight\/customizer\/sections\/images\/agreement-2548139_1920.jpg\"> <\/p>\n<div  data-type=\"column\" class=\"col-padding-small col-padding-small-xs description-container\">\n<h4  class=\"font-500\">Responsive Design<\/h4>\n<p  class=\"\">Lorem ipsum dolor sit amet, consectetur adipiscing elit, sed do eiusmod tempor incididunt ut labore et dolore magna aliqua. Ut enim ad minim veniam, quis nostrud exercitation.<\/p>\n<\/div>\n<div  data-type=\"column\" class=\"col-padding-small col-padding-small-xs read-more-container\"><a  class=\"read-more\">learn more<\/a><\/div>\n<\/p><\/div>\n<\/div>\n<div  class=\"col-xs-12 col-sm-6 col-md-4\">\n<div  class=\"card no-padding bordered y-move\"> <img  decoding=\"async\" class=\"face\" src=\"https:\/\/arasaka.sergioduran.dev\/adin-play\/wp-content\/themes\/highlight\/customizer\/sections\/images\/pencils-452238_1920.jpg\"> <\/p>\n<div  data-type=\"column\" class=\"col-padding-small col-padding-small-xs description-container\">\n<h4  class=\"font-500\">Responsive Design<\/h4>\n<p  class=\"\">Lorem ipsum dolor sit amet, consectetur adipiscing elit, sed do eiusmod tempor incididunt ut labore et dolore magna aliqua. Ut enim ad minim veniam, quis nostrud exercitation.<\/p>\n<\/div>\n<div  data-type=\"column\" class=\"col-padding-small col-padding-small-xs read-more-container\"><a  class=\"read-more\">learn more<\/a><\/div>\n<\/p><\/div>\n<\/div>\n<div  class=\"col-xs-12 col-sm-6 col-md-4\">\n<div  class=\"card no-padding bordered y-move\"> <img  decoding=\"async\" class=\"face\" src=\"https:\/\/arasaka.sergioduran.dev\/adin-play\/wp-content\/themes\/highlight\/customizer\/sections\/images\/cropped-startup-849804_1920.jpg\"> <\/p>\n<div  data-type=\"column\" class=\"col-padding-small col-padding-small-xs description-container\">\n<h4  class=\"font-500\">Responsive Design<\/h4>\n<p  class=\"\">Lorem ipsum dolor sit amet, consectetur adipiscing elit, sed do eiusmod tempor incididunt ut labore et dolore magna aliqua. Ut enim ad minim veniam, quis nostrud exercitation.<\/p>\n<\/div>\n<div  data-type=\"column\" class=\"col-padding-small col-padding-small-xs read-more-container\"><a  class=\"read-more\">learn more<\/a><\/div>\n<\/p><\/div>\n<\/div><\/div>\n<\/div><\/div>\n<div  id=\"content-1\" style=\"background-color: #f5fafd;\" data-label=\"Content\" data-id=\"content-7-mc\" data-export-id=\"content-7-mc\" data-category=\"content\" class=\"content-7-mc content-section content-section-spacing\">\n<div  class=\"gridContainer\">\n<div  class=\"row middle-sm\">\n<div  class=\"col-sm-6 space-bottom-xs\" data-type=\"column\">\n<h2  class=\"\">Web Design &amp; Development<\/h2>\n<p  class=\"\">Lorem ipsum dolor sit amet, consectetur adipisicing elit, sed do eiusmod tempor incididunt ut labore et dolore magna aliqua. Ut enim ad minim veniam, quis nostrud exercitation ullamco laboris nisi ut aliquip ex ea commodo consequat.<\/p>\n<p> <a  class=\"button color1\" href=\"#\">LEARN MORE<\/a><\/div>\n<div  class=\"col-sm-6\" data-type=\"column\"> <img  decoding=\"async\" class=\"shadow-large\" src=\"https:\/\/arasaka.sergioduran.dev\/adin-play\/wp-content\/themes\/highlight\/customizer\/sections\/images\/cropped-hero-3.jpg\"><\/div>\n<\/p><\/div>\n<\/div><\/div>\n<div  id=\"content-2\" style=\"background-color: #ffffff;\" data-label=\"Content\" data-id=\"content-8-mc\" data-export-id=\"content-8-mc\" data-category=\"content\" class=\"content-8-mc content-section content-section-spacing\">\n<div  class=\"gridContainer\">\n<div  class=\"row middle-sm\">\n<div  class=\"col-sm-6 space-bottom-xs space-top-xs\" data-type=\"column\"> <img  decoding=\"async\" class=\"shadow-large\" src=\"https:\/\/arasaka.sergioduran.dev\/adin-play\/wp-content\/themes\/highlight\/customizer\/sections\/images\/business-3560916_1920.jpg\"><\/div>\n<div  class=\"col-sm-6\" data-type=\"column\">\n<h2  class=\"\">App Design &amp; Development<\/h2>\n<p  class=\"\">Lorem ipsum dolor sit amet, consectetur adipisicing elit, sed do eiusmod tempor incididunt ut labore et dolore magna aliqua.<\/p>\n<p> <a  class=\"button color1\" href=\"#\">LEARN MORE<\/a><\/div>\n<\/p><\/div>\n<\/div><\/div>\n<div  id=\"portfolio-1\" data-label=\"Portfolio\" data-id=\"portfolio-5-mc\" data-export-id=\"portfolio-5-mc\" data-bullets-visibility=\"true\" data-category=\"portfolio\" class=\"portfolio-5-mc content-section content-section-spacing section-title-col-white-text bg-color1\">\n<div  class=\"gridContainer\">\n<div  class=\"row text-center\">\n<div  class=\"section-title-col\" data-type=\"column\">\n<h5  class=\"\">OUR WORK<\/h5>\n<h2  class=\"\">Portfolio<\/h2>\n<p  class=\"lead\">Lorem ipsum dolor sit amet, consectetur adipisicing elit, sed do eiusmod tempor incididunt ut labore et dolore magna aliqua, ut aliquip ex ea commodo consequat.<\/p>\n<\/div><\/div>\n<div  class=\"row space-bottom spaced-cols\" data-type=\"row\">\n<div  class=\"col-xs-12 col-sm-4 text-center\">\n<div  class=\"card no-padding bordered\">\n<div  data-hover-fx=\"portfolio-6\" class=\"contentswap-effect contentswap-overlay\" style=\"float: none; margin: 0; width: 100%;\">\n<div  class=\"initial-image\" style=\"float: none; margin: 0;\"> <img  decoding=\"async\" data-size=\"500x333\" src=\"https:\/\/arasaka.sergioduran.dev\/adin-play\/wp-content\/themes\/highlight\/customizer\/sections\/images\/cropped-pf-1.jpg\"><\/div>\n<div  class=\"overlay bg-color6\" style=\"display: block; transition: opacity 800ms ease 0s; -webkit-transition-timing-function: ease; -moz-transition-timing-function: ease; -o-transition-timing-function: ease; transition-timing-function: ease;\"><\/div>\n<div  class=\"swap-inner col-xs-12\" style=\"display: block; transition: all 800ms ease 0s; background-color: rgba(0,0,0,0); margin-top: 0;\">\n<div  class=\"row full-height-row middle-xs middle-sm\">\n<div  class=\"col-xs-12 text-center content-holder\"> <a  class=\"button small color2\" href=\"#\">View case study<\/a><\/div>\n<\/p><\/div>\n<\/div><\/div>\n<div  class=\"col-xs-12\">\n<div  class=\"space-bottom space-top\" data-type=\"column\">\n<h5  class=\"\">Project Name<\/h5>\n<p  class=\"small italic\">Lorem ipsum dolor sit amet, consectetur adipiscing elit, sed do eiusmod tempor incididunt ut labore<\/p>\n<\/div><\/div>\n<\/div><\/div>\n<div  class=\"col-xs-12 col-sm-4 text-center\">\n<div  class=\"card no-padding bordered\">\n<div  data-hover-fx=\"portfolio-6\" class=\"contentswap-effect contentswap-overlay\" style=\"float: none; margin: 0; width: 100%;\">\n<div  class=\"initial-image\" style=\"float: none; margin: 0;\"> <img  decoding=\"async\" data-size=\"500x333\" src=\"https:\/\/arasaka.sergioduran.dev\/adin-play\/wp-content\/themes\/highlight\/customizer\/sections\/images\/cropped-pf-3.jpg\"><\/div>\n<div  class=\"overlay bg-color6\" style=\"display: block; transition: opacity 800ms ease 0s; -webkit-transition-timing-function: ease; -moz-transition-timing-function: ease; -o-transition-timing-function: ease; transition-timing-function: ease;\"><\/div>\n<div  class=\"swap-inner col-xs-12\" style=\"display: block; transition: all 800ms ease 0s; background-color: rgba(0,0,0,0); margin-top: 0;\">\n<div  class=\"row full-height-row middle-xs middle-sm\">\n<div  class=\"col-xs-12 text-center content-holder\"> <a  class=\"button small color2\" href=\"#\">View case study<\/a><\/div>\n<\/p><\/div>\n<\/div><\/div>\n<div  class=\"col-xs-12\">\n<div  class=\"space-bottom space-top\" data-type=\"column\">\n<h5  class=\"\">Project Name<\/h5>\n<p  class=\"small italic\">Lorem ipsum dolor sit amet, consectetur adipiscing elit, sed do eiusmod tempor incididunt ut labore<\/p>\n<\/div><\/div>\n<\/div><\/div>\n<div  class=\"col-xs-12 col-sm-4 text-center\">\n<div  class=\"card no-padding bordered\">\n<div  data-hover-fx=\"portfolio-6\" class=\"contentswap-effect contentswap-overlay\" style=\"float: none; margin: 0; width: 100%;\">\n<div  class=\"initial-image\" style=\"float: none; margin: 0;\"> <img  decoding=\"async\" data-size=\"500x333\" src=\"https:\/\/arasaka.sergioduran.dev\/adin-play\/wp-content\/themes\/highlight\/customizer\/sections\/images\/cropped-pf-2.jpg\"><\/div>\n<div  class=\"overlay bg-color6\" style=\"display: block; transition: opacity 800ms ease 0s; -webkit-transition-timing-function: ease; -moz-transition-timing-function: ease; -o-transition-timing-function: ease; transition-timing-function: ease;\"><\/div>\n<div  class=\"swap-inner col-xs-12\" style=\"display: block; transition: all 800ms ease 0s; background-color: rgba(0,0,0,0); margin-top: 0;\">\n<div  class=\"row full-height-row middle-xs middle-sm\">\n<div  class=\"col-xs-12 text-center content-holder\"> <a  class=\"button small color2\" href=\"#\">View case study<\/a><\/div>\n<\/p><\/div>\n<\/div><\/div>\n<div  class=\"col-xs-12\">\n<div  class=\"space-bottom space-top\" data-type=\"column\">\n<h5  class=\"\">Project Name<\/h5>\n<p  class=\"small italic\">Lorem ipsum dolor sit amet, consectetur adipiscing elit, sed do eiusmod tempor incididunt ut labore<\/p>\n<\/div><\/div>\n<\/div><\/div>\n<\/div>\n<div  class=\"row\">\n<div  data-type=\"column\" class=\"col-xs-12 text-center\"> <a  class=\"button color2 y-move\" href=\"#\">View Portfolio<\/a><\/div>\n<\/p><\/div>\n<\/div><\/div>\n<div  id=\"testimonials-1\" style=\"background-color: #ffffff;\" data-label=\"Testimonials\" data-id=\"testimonials-5-mc\" data-export-id=\"testimonials-5-mc\" data-category=\"testimonials\" class=\"testimonials-5-mc content-section content-section-spacing\">\n<div  class=\"gridContainer\">\n<div  class=\"row\">\n<div  data-type=\"column\" class=\"section-title-col\">\n<h5  class=\"\">OUR AWESOME CLIENTS<\/h5>\n<h2  class=\"\">Client Testimonials<\/h2>\n<p  class=\"lead\">Don\u2019t take our word for it \u2013 here\u2019s what our clients say:<\/p>\n<\/div><\/div>\n<div  class=\"row spaced-cols content-center-sm\" data-type=\"row\">\n<div  class=\"col-sm-4\">\n<div  class=\"card y-move bordered\" data-type=\"column\"> <i  class=\"fa fa-quote-right icon color1 small quotation-icon\"><\/i> <\/p>\n<p  class=\"text-center\">Do you sometimes have the feeling that you\u2019re running into the same obstacles over and over again? Many of my conflicts have the same feel to them, like \u201cHey, I think I\u2019ve been here before,<\/p>\n<p> <img  decoding=\"async\" src=\"https:\/\/arasaka.sergioduran.dev\/adin-play\/wp-content\/themes\/highlight\/customizer\/sections\/images\/team-1.jpg\" class=\"round icon\"> <\/p>\n<h6  class=\"\">John Doe<\/h6>\n<p  class=\"small italic\">Company name<\/p>\n<\/div><\/div>\n<div  class=\"col-sm-4\">\n<div  class=\"card y-move bordered\" data-type=\"column\"> <i  class=\"fa fa-quote-right icon color1 small quotation-icon\"><\/i> <\/p>\n<p  class=\"text-center\">Do you sometimes have the feeling that you\u2019re running into the same obstacles over and over again? Many of my conflicts have the same feel to them, like \u201cHey, I think I\u2019ve been here before,<\/p>\n<p> <img  decoding=\"async\" src=\"https:\/\/arasaka.sergioduran.dev\/adin-play\/wp-content\/themes\/highlight\/customizer\/sections\/images\/team-3.jpg\" class=\"round icon\"> <\/p>\n<h6  class=\"\">John Doe<\/h6>\n<p  class=\"small italic\">Company name<\/p>\n<\/div><\/div>\n<div  class=\"col-sm-4\">\n<div  class=\"card y-move bordered\" data-type=\"column\"> <i  class=\"fa fa-quote-right icon color1 small quotation-icon\"><\/i> <\/p>\n<p  class=\"text-center\">Do you sometimes have the feeling that you\u2019re running into the same obstacles over and over again? Many of my conflicts have the same feel to them, like \u201cHey, I think I\u2019ve been here before,<\/p>\n<p> <img  decoding=\"async\" src=\"https:\/\/arasaka.sergioduran.dev\/adin-play\/wp-content\/themes\/highlight\/customizer\/sections\/images\/team-7.jpg\" class=\"round icon\"> <\/p>\n<h6  class=\"\">John Doe<\/h6>\n<p  class=\"small italic\">Company name<\/p>\n<\/div><\/div>\n<\/div><\/div>\n<\/div>\n<div  id=\"cta-1\" style=\"background-color: #f5fafd;\" data-label=\"Cta\" data-id=\"cta-blue-section-mc\" data-export-id=\"cta-blue-section-mc\" data-category=\"cta\" class=\"cta-blue-section-mc content-section content-section-spacing le_cocktail white-text\">\n<div  class=\"gridContainer\">\n<div  class=\"row middle-xs\">\n<div  class=\"col-sm-8 space-bottom-xs\" data-type=\"column\">\n<h2  class=\"\">Join us! <span  class=\"font-300\">It will only take a minute<\/span><\/h2>\n<\/p><\/div>\n<div  class=\"col-sm-4 end-sm\" data-type=\"column\"> <a  class=\"button color2\" href=\"#\">GET STARTED TODAY<\/a><\/div>\n<\/p><\/div>\n<\/div><\/div>\n<div  id=\"team-1\" style=\"background-color: #ffffff;\" data-label=\"Team\" data-id=\"team-5-mc\" data-export-id=\"team-5-mc\" data-bullets-visibility=\"true\" data-category=\"team\" class=\"team-5-mc content-section content-section-spacing\">\n<div  class=\"gridContainer\">\n<div  class=\"row text-center\">\n<div  class=\"section-title-col\" data-type=\"column\">\n<h5  class=\"\">OUR AWESOME TEAM<\/h5>\n<h2  class=\"\">Our Team<\/h2>\n<p  class=\"lead\">There are number of instructions to be followed at the time of refilling an inket cartridge. So whenever your printer ink runs dry you need to follow the below steps for inkjet cartridge refill.<\/p>\n<\/div><\/div>\n<div  class=\"row spaced-cols content-center-sm\" data-type=\"row\">\n<div  class=\"col-xs-12 col-sm-6 col-md-3 col-padding\">\n<div  class=\"row \">\n<div  data-type=\"column\" class=\"col-xs-12 col-sm-12\"> <img  decoding=\"async\" class=\"round face\" src=\"https:\/\/arasaka.sergioduran.dev\/adin-play\/wp-content\/themes\/highlight\/customizer\/sections\/images\/team-1.jpg\"> <\/p>\n<h4  class=\"font-500\">Team Member<\/h4>\n<p  class=\"italic\">job title<\/p>\n<p  class=\"\">Point of Sale hardware, the till at a shop check out, has become very complex over the past ten years.<\/p>\n<div  class=\"social-icons-group\" data-type=\"group\"> <a  href=\"#\"><i  class=\"gray fa icon fa-facebook-square small\"><\/i><\/a> <a  href=\"#\"><i  class=\"gray fa icon fa-twitter-square small\"><\/i><\/a> <a  href=\"#\"><i  class=\"gray fa icon fa-linkedin-square small\"><\/i><\/a> <a  href=\"#\"><i  class=\"gray fa icon fa-google-plus-square small\"><\/i><\/a><\/div>\n<\/p><\/div>\n<\/div><\/div>\n<div  class=\"col-xs-12 col-sm-6 col-md-3 col-padding\">\n<div  class=\"row \">\n<div  data-type=\"column\" class=\"col-xs-12 col-sm-12\"> <img  decoding=\"async\" class=\"round face\" src=\"https:\/\/arasaka.sergioduran.dev\/adin-play\/wp-content\/themes\/highlight\/customizer\/sections\/images\/team-7.jpg\"> <\/p>\n<h4  class=\"font-500\">Team Member<\/h4>\n<p  class=\"italic\">job title<\/p>\n<p  class=\"\">Point of Sale hardware, the till at a shop check out, has become very complex over the past ten years.<\/p>\n<div  class=\"social-icons-group\" data-type=\"group\"> <a  href=\"#\"><i  class=\"gray fa icon fa-facebook-square small\"><\/i><\/a> <a  href=\"#\"><i  class=\"gray fa icon fa-twitter-square small\"><\/i><\/a> <a  href=\"#\"><i  class=\"gray fa icon fa-linkedin-square small\"><\/i><\/a> <a  href=\"#\"><i  class=\"gray fa icon fa-google-plus-square small\"><\/i><\/a><\/div>\n<\/p><\/div>\n<\/div><\/div>\n<div  class=\"col-xs-12 col-sm-6 col-md-3 col-padding\">\n<div  class=\"row \">\n<div  data-type=\"column\" class=\"col-xs-12 col-sm-12\"> <img  decoding=\"async\" class=\"round face\" src=\"https:\/\/arasaka.sergioduran.dev\/adin-play\/wp-content\/themes\/highlight\/customizer\/sections\/images\/team-3.jpg\"> <\/p>\n<h4  class=\"font-500\">Team Member<\/h4>\n<p  class=\"italic\">job title<\/p>\n<p  class=\"\">Point of Sale hardware, the till at a shop check out, has become very complex over the past ten years.<\/p>\n<div  class=\"social-icons-group\" data-type=\"group\"> <a  href=\"#\"><i  class=\"gray fa icon fa-facebook-square small\"><\/i><\/a> <a  href=\"#\"><i  class=\"gray fa icon fa-twitter-square small\"><\/i><\/a> <a  href=\"#\"><i  class=\"gray fa icon fa-linkedin-square small\"><\/i><\/a> <a  href=\"#\"><i  class=\"gray fa icon fa-google-plus-square small\"><\/i><\/a><\/div>\n<\/p><\/div>\n<\/div><\/div>\n<div  class=\"col-xs-12 col-sm-6 col-md-3 col-padding\">\n<div  class=\"row \">\n<div  data-type=\"column\" class=\"col-xs-12 col-sm-12\"> <img  decoding=\"async\" class=\"round face\" src=\"https:\/\/arasaka.sergioduran.dev\/adin-play\/wp-content\/themes\/highlight\/customizer\/sections\/images\/team-4.jpg\"> <\/p>\n<h4  class=\"font-500\">Team Member<\/h4>\n<p  class=\"italic\">job title<\/p>\n<p  class=\"\">Point of Sale hardware, the till at a shop check out, has become very complex over the past ten years.<\/p>\n<div  class=\"social-icons-group\" data-type=\"group\"> <a  href=\"#\"><i  class=\"gray fa icon fa-facebook-square small\"><\/i><\/a> <a  href=\"#\"><i  class=\"gray fa icon fa-twitter-square small\"><\/i><\/a> <a  href=\"#\"><i  class=\"gray fa icon fa-linkedin-square small\"><\/i><\/a> <a  href=\"#\"><i  class=\"gray fa icon fa-google-plus-square small\"><\/i><\/a><\/div>\n<\/p><\/div>\n<\/div><\/div>\n<\/div><\/div>\n<\/div>\n<div  id=\"latest-news-1\" style=\"background-color: #f5fafd;\" data-label=\"Latest-news\" data-id=\"blog-section-mc\" data-export-id=\"blog-section-mc\" data-category=\"latest_news\" class=\"blog-section-mc blog-section-standard content-section content-section-spacing\">\n<div  class=\"gridContainer\">\n<div  class=\"row\">\n<div  data-type=\"column\" class=\"section-title-col\">\n<h5  class=\"\">WE LOVE BLOGGING<\/h5>\n<h2  class=\"\">Latest from Our Blog<\/h2>\n<p  class=\"lead\">Lorem ipsum dolor sit amet, consectetur adipisicing elit, sed do eiusmod tempor incididunt ut labore et dolore magna aliqua.<\/p>\n<\/div><\/div>\n<div  class=\"row\">\n<div  data-type=\"row\" data-dynamic-columns=\"handled\" data-content-shortcode=\"mesmerize_latest_news posts=&quot;3&quot;\">[mesmerize_latest_news posts=\u00bb3&#8243;]<\/div>\n<\/div>\n<div  class=\"row\">\n<div  class=\"text-center\"> <a  class=\"button color1\" data-attr-shortcode=\"href:mesmerize_blog_link\" href=\"[mesmerize_blog_link]\">VIEW OUR BLOG<\/a><\/div>\n<\/p><\/div>\n<\/div>\n<\/div>\n<div  id=\"contact-1\" style=\"background-color: #ffffff;\" data-label=\"Contact\" data-id=\"contact-1-mc\" data-export-id=\"contact-1-mc\" data-bullets-visibility=\"true\" data-category=\"contact\" class=\"contact-1-mc content-section content-section-spacing white-text\" data-parallax-depth=\"20\">\n<div  class=\"gridContainer\">\n<div  class=\"row text-center\">\n<div  class=\"section-title-col\" data-type=\"column\">\n<h5  class=\"\">CONNECT WITH US<\/h5>\n<h2  class=\"\">Contact us<\/h2>\n<p  class=\"lead\">With the Internet spreading linke wildfire and reaching every part of our daily life, more and more traffic is directed to websites in search for information.<\/p>\n<\/div><\/div>\n<div  class=\"row text-center\">\n<div  class=\"col-xs-12 col-sm-8 col-sm-offset-2 contact-form-wrapper inline-info\">\n<div  class=\"card large-padding\">\n<div  class=\"\" data-content-shortcode=\"mesmerize_contact_form\" data-editable=\"true\">[mesmerize_contact_form]<\/div>\n<\/div><\/div>\n<\/div><\/div>\n<\/div>\n","protected":false},"excerpt":{"rendered":"<p>tralalero Un tibur\u00f3n con tenis Nike que desaf\u00eda la biolog\u00eda porque puede respirar fuera del agua. Es el \u00abfacherito\u00bb del grupo. tungtung sahur Un palo de madera en una estaci\u00f3n de tren que sostiene un bate de b\u00e9isbol y nadie sabe a qui\u00e9n est\u00e1 esperando. brrbrr patapin Un esp\u00edritu del bosque con pies gigantes que&#8230;<\/p>\n","protected":false},"author":1,"featured_media":0,"parent":0,"menu_order":0,"comment_status":"closed","ping_status":"closed","template":"page-templates\/homepage.php","meta":{"_kad_post_transparent":"","_kad_post_title":"","_kad_post_layout":"","_kad_post_sidebar_id":"","_kad_post_content_style":"","_kad_post_vertical_padding":"","_kad_post_feature":"","_kad_post_feature_position":"","_kad_post_header":false,"_kad_post_footer":false,"_kad_post_classname":"","footnotes":""},"class_list":["post-45","page","type-page","status-publish","hentry"],"_links":{"self":[{"href":"https:\/\/arasaka.sergioduran.dev\/adin-play\/wp-json\/wp\/v2\/pages\/45","targetHints":{"allow":["GET"]}}],"collection":[{"href":"https:\/\/arasaka.sergioduran.dev\/adin-play\/wp-json\/wp\/v2\/pages"}],"about":[{"href":"https:\/\/arasaka.sergioduran.dev\/adin-play\/wp-json\/wp\/v2\/types\/page"}],"author":[{"embeddable":true,"href":"https:\/\/arasaka.sergioduran.dev\/adin-play\/wp-json\/wp\/v2\/users\/1"}],"replies":[{"embeddable":true,"href":"https:\/\/arasaka.sergioduran.dev\/adin-play\/wp-json\/wp\/v2\/comments?post=45"}],"version-history":[{"count":4,"href":"https:\/\/arasaka.sergioduran.dev\/adin-play\/wp-json\/wp\/v2\/pages\/45\/revisions"}],"predecessor-version":[{"id":53,"href":"https:\/\/arasaka.sergioduran.dev\/adin-play\/wp-json\/wp\/v2\/pages\/45\/revisions\/53"}],"wp:attachment":[{"href":"https:\/\/arasaka.sergioduran.dev\/adin-play\/wp-json\/wp\/v2\/media?parent=45"}],"curies":[{"name":"wp","href":"https:\/\/api.w.org\/{rel}","templated":true}]}}